{"id":18,"date":"2022-04-08T18:06:11","date_gmt":"2022-04-08T18:06:11","guid":{"rendered":"https:\/\/montedocarmo.com\/?page_id=18"},"modified":"2022-04-22T22:43:30","modified_gmt":"2022-04-22T22:43:30","slug":"politica-de-privacidade","status":"publish","type":"page","link":"https:\/\/montedocarmo.com\/en\/politica-de-privacidade\/","title":{"rendered":"Privacy Policy"},"content":{"rendered":"<div class=\"wp-block-columns is-layout-flex wp-container-core-columns-is-layout-9d6595d7 wp-block-columns-is-layout-flex\">\n<div class=\"wp-block-column is-layout-flow wp-block-column-is-layout-flow\">\n<h3 class=\"wp-block-heading\">A. Introdu\u00e7\u00e3o<\/h3>\n\n\n\n<ol class=\"wp-block-list\"><li>A privacidade dos visitantes do nosso website \u00e9 muito importante para n\u00f3s, e estamos comprometidos em salvaguard\u00e1-la. Esta pol\u00edtica explica o que fazemos com as suas informa\u00e7\u00f5es pessoais.<\/li><li>Consentir com o uso de cookies de acordo com os termos desta pol\u00edtica quando visita o nosso site pela primeira vez, permite-nos usar cookies cada vez que visita o nosso website.<\/li><\/ol>\n\n\n\n<h3 class=\"wp-block-heading\">B. Como recolhemos os seus dados pessoais<\/h3>\n\n\n\n<p>Os seguintes tipos de informa\u00e7\u00f5es pessoais podem ser recolhidos, armazenados e usados:<\/p>\n\n\n\n<ol class=\"wp-block-list\"><li>Informa\u00e7\u00f5es sobre o seu computador, incluindo o seu endere\u00e7o IP, localiza\u00e7\u00e3o geogr\u00e1fica, tipo e vers\u00e3o do navegador e sistema operativo;<\/li><li>Informa\u00e7\u00f5es sobre as suas visitas e uso deste website, incluindo fonte de refer\u00eancia, dura\u00e7\u00e3o da visita, visualiza\u00e7\u00f5es da p\u00e1gina e caminhos de navega\u00e7\u00e3o no website;<\/li><li>Informa\u00e7\u00f5es que insere quando se regista no nosso website, como o e-mail;<\/li><li>Informa\u00e7\u00f5es que insere quando cria uma conta no nosso website. Por exemplo, o seu nome, n\u00famero de telefone e endere\u00e7o de e-mail;<\/li><li>Informa\u00e7\u00f5es que insere para contacto atrav\u00e9s e-mails ou subscri\u00e7\u00e3o em newsletters;<\/li><li>Informa\u00e7\u00f5es geradas ao usar o nosso website, incluindo quando, com que frequ\u00eancia e em que circunst\u00e2ncias as usa;<\/li><li>Informa\u00e7\u00f5es que publica no nosso website com a inten\u00e7\u00e3o de public\u00e1-las na internet;<\/li><li>Qualquer outra informa\u00e7\u00e3o pessoal que nos envie;<\/li><li>Sempre que executa um processo de compra neste website, recolhemos os seus dados pessoais (por exemplo, password, nome, endere\u00e7o de e-mail, morada de entrega, dados de cart\u00f5es banc\u00e1rios e n\u00famero de telefone) no formul\u00e1rio de compra, apenas para efeitos de venda, separa\u00e7\u00e3o e transporte dos produtos encomendados;<\/li><\/ol>\n\n\n\n<h3 class=\"wp-block-heading\">C. Como usamos os seus dados pessoais<\/h3>\n\n\n\n<p>As informa\u00e7\u00f5es pessoais enviadas a n\u00f3s por meio de nosso site ser\u00e3o usadas para os fins especificados nesta pol\u00edtica ou nas p\u00e1ginas relevantes do website. Podemos usar as suas informa\u00e7\u00f5es pessoais nos seguintes casos:<\/p>\n\n\n\n<ol class=\"wp-block-list\"><li>Administra\u00e7\u00e3o no nosso website \/ neg\u00f3cio;<\/li><li>Personalizar o site para si;<\/li><li>Permitir o uso dos servi\u00e7os dispon\u00edveis no website;<\/li><li>Envio de bens adquiridos atrav\u00e9s do website;<\/li><li>Fornecimento de servi\u00e7os adquiridos atrav\u00e9s do website;<\/li><li>Enviar extratos, faturas e lembretes de pagamento para si;<\/li><li>Enviar comunica\u00e7\u00f5es comerciais de marketing;<\/li><li>Enviar notifica\u00e7\u00f5es por e-mail solicitadas especificamente;<\/li><li>Enviar a nossa newsletter por e-mail caso exista e esteja subscrito (pode cancelar a subscri\u00e7\u00e3o a qualquer momento).<\/li><li>Lidar com perguntas e reclama\u00e7\u00f5es feitas por si ou sobre si em rela\u00e7\u00e3o ao nosso website;<\/li><li>Manter o nosso site seguro e evitar fraudes.<\/li><li>Verificar a conformidade com os termos e condi\u00e7\u00f5es que regem o uso do nosso website.<\/li><li>Outros usos;<\/li><\/ol>\n\n\n\n<p>Se enviar informa\u00e7\u00f5es pessoais para publica\u00e7\u00e3o no nosso website, publicaremos e usaremos essas informa\u00e7\u00f5es de acordo com a licen\u00e7a que nos concede.<br>Sem o seu consentimento expresso, n\u00e3o forneceremos as suas informa\u00e7\u00f5es pessoais a terceiros.<\/p>\n\n\n\n<h3 class=\"wp-block-heading\">D. Divulga\u00e7\u00e3o de informa\u00e7\u00f5es pessoais<\/h3>\n\n\n\n<p>Podemos divulgar as suas informa\u00e7\u00f5es pessoais a qualquer um dos nossos funcion\u00e1rios, executivos, seguradoras, consultores profissionais, agentes, fornecedores ou subcontratados conforme razoavelmente necess\u00e1rio para os fins estabelecidos nesta pol\u00edtica.<\/p>\n\n\n\n<p>Podemos divulgar as suas informa\u00e7\u00f5es pessoais:<\/p>\n\n\n\n<ol class=\"wp-block-list\"><li>Na medida em que somos obrigados a faz\u00ea-lo por lei;<\/li><li>Em liga\u00e7\u00e3o com qualquer processo legal em andamento ou em potencial;<\/li><li>Para estabelecer, exercer ou defender os nossos direitos legais (incluindo fornecer informa\u00e7\u00f5es a terceiros para fins de preven\u00e7\u00e3o de fraudes e redu\u00e7\u00e3o do risco de cr\u00e9dito);<\/li><li>Ao comprador (ou potencial comprador) de qualquer neg\u00f3cio ou ativo que estamos (ou contemplamos) vender;<\/li><li>A qualquer pessoa que acreditamos razoavelmente poder solicitar a um tribunal ou outra autoridade competente a divulga\u00e7\u00e3o dessas informa\u00e7\u00f5es pessoais, quando, em nossa opini\u00e3o razo\u00e1vel, for prov\u00e1vel que tal tribunal ou autoridade ordene a divulga\u00e7\u00e3o dessas informa\u00e7\u00f5es pessoais;<\/li><\/ol>\n\n\n\n<p>Exceto conforme estabelecido nesta pol\u00edtica, n\u00e3o forneceremos as suas informa\u00e7\u00f5es pessoais a terceiros.<\/p>\n\n\n\n<h3 class=\"wp-block-heading\">E. Reter informa\u00e7\u00f5es pessoais<\/h3>\n\n\n\n<ol class=\"wp-block-list\"><li>Esta Se\u00e7\u00e3o E define as nossas pol\u00edticas e procedimentos de reten\u00e7\u00e3o de dados, projetados para ajudar a garantir o cumprimento das nossas obriga\u00e7\u00f5es legais em rela\u00e7\u00e3o \u00e0 reten\u00e7\u00e3o e exclus\u00e3o de informa\u00e7\u00f5es pessoais;<\/li><li>As informa\u00e7\u00f5es pessoais que processamos para qualquer finalidade ou prop\u00f3sitos n\u00e3o devem ser mantidas por mais tempo do que o necess\u00e1rio para essa finalidade ou para essas finalidades;<\/li><li>N\u00e3o obstante as outras disposi\u00e7\u00f5es desta Se\u00e7\u00e3o E, manteremos documentos (incluindo documentos eletr\u00f3nicos) contendo dados pessoais:<\/li><\/ol>\n\n\n\n<p>a. na medida em que somos obrigados a faz\u00ea-lo por lei;<br>b. se acreditarmos que os documentos podem ser relevantes para qualquer processo legal em andamento ou em potencial;<br>c. para estabelecer, exercer ou defender os nossos direitos legais (incluindo fornecer informa\u00e7\u00f5es a terceiros para fins de preven\u00e7\u00e3o de fraudes e redu\u00e7\u00e3o do risco de cr\u00e9dito).<\/p>\n<\/div>\n\n\n\n<div class=\"wp-block-column is-layout-flow wp-block-column-is-layout-flow\">\n<h3 class=\"wp-block-heading\">F. Seguran\u00e7a de suas informa\u00e7\u00f5es pessoais<\/h3>\n\n\n\n<ol class=\"wp-block-list\"><li>Tomaremos as devidas precau\u00e7\u00f5es t\u00e9cnicas e organizacionais para evitar a perda, mau uso ou altera\u00e7\u00e3o de suas informa\u00e7\u00f5es pessoais;<\/li><li>Armazenaremos todas as informa\u00e7\u00f5es pessoais que fornecer nos nossos servidores seguros (protegidos por senha e firewall);<\/li><li>Todas as transa\u00e7\u00f5es financeiras eletr\u00f3nicas realizadas atrav\u00e9s do nosso website ser\u00e3o protegidas pela tecnologia de criptografia.<\/li><li>Reconhece que a transmiss\u00e3o de informa\u00e7\u00f5es pela Internet \u00e9 inerentemente insegura e n\u00e3o podemos garantir a seguran\u00e7a dos dados enviados pela Internet.<\/li><li>\u00c9 respons\u00e1vel por manter em sigilo a senha usada para aceder o nosso website; n\u00e3o solicitaremos a sua senha (exceto quando fizer login no nosso website).<\/li><\/ol>\n\n\n\n<h3 class=\"wp-block-heading\">G. Altera\u00e7\u00f5es<\/h3>\n\n\n\n<p>Podemos atualizar esta pol\u00edtica periodicamente, publicando uma nova vers\u00e3o no nosso website. Deve verificar esta p\u00e1gina ocasionalmente para garantir a compreens\u00e3o de quaisquer altera\u00e7\u00f5es nesta pol\u00edtica. Podemos notific\u00e1-lo sobre altera\u00e7\u00f5es nesta pol\u00edtica por e-mail ou por meio do sistema de mensagens privadas no nosso website.<\/p>\n\n\n\n<h3 class=\"wp-block-heading\">H. Os seus direitos<\/h3>\n\n\n\n<p>Pode solicitar-nos qualquer informa\u00e7\u00e3o pessoal que mantemos sobre si; O fornecimento dessas informa\u00e7\u00f5es estar\u00e1 sujeito \u00e0s seguintes condi\u00e7\u00f5es:<\/p>\n\n\n\n<ol class=\"wp-block-list\"><li>Solicita\u00e7\u00e3o por e-mail;<\/li><li>O fornecimento de provas apropriadas de sua identidade. Para esse fim, geralmente aceitaremos uma fotoc\u00f3pia de um documento comprovativo da sua identidade;<\/li><\/ol>\n\n\n\n<p>Podemos reter as informa\u00e7\u00f5es pessoais solicitadas na extens\u00e3o permitida por lei.<br>Pode solicitar-nos a qualquer momento para n\u00e3o processarmos as suas informa\u00e7\u00f5es pessoais para fins de marketing.<br>Na pr\u00e1tica, geralmente concorda expressamente com anteced\u00eancia com o uso das suas informa\u00e7\u00f5es pessoais para fins de marketing, sendo que pode optar por n\u00e3o usar as suas informa\u00e7\u00f5es pessoais para fins de marketing.<\/p>\n\n\n\n<h3 class=\"wp-block-heading\">I. Sites de terceiros<\/h3>\n\n\n\n<p>O nosso website pode incluir links para e detalhes de sites de terceiros. N\u00e3o temos controlo e n\u00e3o somos respons\u00e1veis pelas pol\u00edticas e pr\u00e1ticas de privacidade de terceiros.<\/p>\n\n\n\n<h3 class=\"wp-block-heading\">J. Atualiza\u00e7\u00e3o de informa\u00e7\u00f5es<\/h3>\n\n\n\n<p>Informe-nos se as informa\u00e7\u00f5es pessoais que mantemos sobre si precisam de ser corrigidas ou atualizadas a qualquer momento.<\/p>\n\n\n\n<h3 class=\"wp-block-heading\">K. Cookies<\/h3>\n\n\n\n<p>O nosso site usa cookies. Um cookie \u00e9 um arquivo que cont\u00e9m um identificador (uma sequ\u00eancia de letras e n\u00fameros) que \u00e9 enviado por um servidor da web para um navegador da Web e \u00e9 armazenado pelo navegador. O identificador \u00e9 ent\u00e3o enviado de volta ao servidor sempre que o navegador solicita uma p\u00e1gina do servidor. Os cookies podem ser cookies \u201cpersistentes\u201d ou cookies de \u201csess\u00e3o\u201d: um cookie persistente ser\u00e1 armazenado por um navegador da Web e permanecer\u00e1 v\u00e1lido at\u00e9 \u00e0 data de vencimento definida, a menos que seja exclu\u00eddo pelo utilizador antes da data de vencimento; um cookie de sess\u00e3o, por outro lado, expirar\u00e1 no final da sess\u00e3o do utilizador, quando o navegador da web estiver fechado. Os cookies normalmente n\u00e3o cont\u00eam nenhuma informa\u00e7\u00e3o que identifique pessoalmente um utilizador, mas as informa\u00e7\u00f5es pessoais que armazenamos sobre si podem estar vinculadas \u00e0s informa\u00e7\u00f5es armazenadas e obtidas a partir de cookies. Ambos os cookies acima referidos s\u00e3o usados no nosso website.<\/p>\n\n\n\n<ol class=\"wp-block-list\"><li>Os nomes dos cookies que usamos no nosso website e os prop\u00f3sitos para os quais s\u00e3o usados est\u00e3o descritos abaixo:<br>usamos o Google Analytics e o Adwords no nosso site para reconhecer um computador quando um utilizador visita o website \/ acompanha os utilizadores enquanto navegam no website \/ melhora a usabilidade do website \/ analisa o uso do website \/ administra o website \/ evita fraudes e melhora a seguran\u00e7a do website \/ personaliza o website para cada utilizador \/ segmenta an\u00fancios que possam ser de particular interesse para utilizadores espec\u00edficos \/ descreve a finalidade;<\/li><li>A maioria dos navegadores permite que recuse a aceita\u00e7\u00e3o dos cookies \u2013 por exemplo:<br>no Internet Explorer, pode bloquear cookies nas as configura\u00e7\u00f5es de substitui\u00e7\u00e3o de manipula\u00e7\u00e3o de cookies dispon\u00edveis em \u201cFerramentas\u201d &gt; \u201cOp\u00e7\u00f5es da Internet\u201d &gt; \u201cPrivacidade\u201d &gt; \u201cAvan\u00e7ado\u201d;<br>b. no Firefox, pode bloquear todos os cookies em \u201cFerramentas\u201d &gt; \u201cOp\u00e7\u00f5es\u201d &gt; \u201cPrivacidade\u201d &gt; \u201cUsar configura\u00e7\u00f5es personalizadas para o hist\u00f3rico\u201d &gt; \u201cAceitar cookies de websites\u201d;<br>c. no Chrome, pode bloquear todos os cookies no menu \u201cPersonalizar e controlar\u201d &gt; \u201cConfigura\u00e7\u00f5es\u201d &gt; \u201cMostrar configura\u00e7\u00f5es avan\u00e7adas\u201d &gt; \u201cConfigura\u00e7\u00f5es de conte\u00fado\u201d &gt; \u201cBloquear sites para definir qualquer dado \u201cSob o cabe\u00e7alho\u201d Cookies\u201d;<\/li><\/ol>\n\n\n\n<p>O bloqueio de todos os cookies ter\u00e1 um impacto negativo na usabilidade de muitos websites. Se bloquear os cookies, n\u00e3o poder\u00e1 usar todos os recursos no nosso website.<\/p>\n\n\n\n<ol class=\"wp-block-list\" start=\"3\"><li>Pode excluir os cookies j\u00e1 armazenados no seu computador.<br>A exclus\u00e3o de cookies ter\u00e1 um impacto negativo na usabilidade de muitos websites.<\/li><\/ol>\n<\/div>\n<\/div>","protected":false},"excerpt":{"rendered":"<p>A. Introdu\u00e7\u00e3o A privacidade dos visitantes do nosso website \u00e9 muito importante para n\u00f3s, e estamos comprometidos em salvaguard\u00e1-la. Esta pol\u00edtica explica o que fazemos com as suas informa\u00e7\u00f5es pessoais. Consentir com o uso de cookies de acordo com os termos desta pol\u00edtica quando visita o nosso site pela primeira vez, permite-nos usar cookies cada [&hellip;]<\/p>","protected":false},"author":1,"featured_media":0,"parent":0,"menu_order":0,"comment_status":"closed","ping_status":"closed","template":"","meta":{"advgb_blocks_editor_width":"","advgb_blocks_columns_visual_guide":"","footnotes":""},"class_list":["post-18","page","type-page","status-publish","hentry"],"coauthors":[],"author_meta":{"author_link":"https:\/\/montedocarmo.com\/en\/author\/montedocarmo\/","display_name":"MontedoCarmo"},"relative_dates":{"created":"Posted 4 years ago","modified":"Updated 4 years ago"},"absolute_dates":{"created":"Posted on April 8, 2022","modified":"Updated on April 22, 2022"},"absolute_dates_time":{"created":"Posted on April 8, 2022 18:06","modified":"Updated on April 22, 2022 22:43"},"featured_img_caption":"","featured_img":false,"series_order":"","_links":{"self":[{"href":"https:\/\/montedocarmo.com\/en\/wp-json\/wp\/v2\/pages\/18","targetHints":{"allow":["GET"]}}],"collection":[{"href":"https:\/\/montedocarmo.com\/en\/wp-json\/wp\/v2\/pages"}],"about":[{"href":"https:\/\/montedocarmo.com\/en\/wp-json\/wp\/v2\/types\/page"}],"author":[{"embeddable":true,"href":"https:\/\/montedocarmo.com\/en\/wp-json\/wp\/v2\/users\/1"}],"replies":[{"embeddable":true,"href":"https:\/\/montedocarmo.com\/en\/wp-json\/wp\/v2\/comments?post=18"}],"version-history":[{"count":1,"href":"https:\/\/montedocarmo.com\/en\/wp-json\/wp\/v2\/pages\/18\/revisions"}],"predecessor-version":[{"id":20,"href":"https:\/\/montedocarmo.com\/en\/wp-json\/wp\/v2\/pages\/18\/revisions\/20"}],"wp:attachment":[{"href":"https:\/\/montedocarmo.com\/en\/wp-json\/wp\/v2\/media?parent=18"}],"curies":[{"name":"wp","href":"https:\/\/api.w.org\/{rel}","templated":true}]}}